{"id":10004,"date":"2024-06-01T17:34:38","date_gmt":"2024-06-01T17:34:38","guid":{"rendered":"https:\/\/baycards.io\/de\/?post_type=product&#038;p=10004"},"modified":"2024-06-01T17:36:50","modified_gmt":"2024-06-01T17:36:50","slug":"asos","status":"publish","type":"product","link":"https:\/\/baycards.io\/de\/product\/asos\/","title":{"rendered":"ASOS"},"content":{"rendered":"","protected":false},"excerpt":{"rendered":"<p>Entdecke die neuesten Modetrends und Styles bei ASOS. Perfekt f\u00fcr Modebewusste, bietet ASOS eine riesige Auswahl an Kleidung, Schuhen und Accessoires f\u00fcr M\u00e4nner und Frauen. Genie\u00dfe aktuelle Trends, kostenlose Lieferung und R\u00fccksendung. Finde deinen individuellen Look und shoppe deine Lieblingsmarken bei ASOS.<\/p>\n<p><strong><span class=\"b-IJrtNC\"><b>\ud83c\udde9\ud83c\uddea<\/b> Diese Geschenkkarte funktioniert nur in Deutschland<\/span><\/strong><\/p>\n","protected":false},"featured_media":10009,"comment_status":"open","ping_status":"closed","template":"","meta":{"_acf_changed":false,"om_disable_all_campaigns":false,"_monsterinsights_skip_tracking":false,"_monsterinsights_sitenote_active":false,"_monsterinsights_sitenote_note":"","_monsterinsights_sitenote_category":0,"_uf_show_specific_survey":0,"_uf_disable_surveys":false},"product_cat":[29,46],"product_tag":[],"class_list":{"0":"post-10004","1":"product","2":"type-product","3":"status-publish","4":"has-post-thumbnail","6":"product_cat-fashion","7":"product_cat-retail","9":"first","10":"instock","11":"shipping-taxable","12":"purchasable","13":"product-type-variable"},"acf":[],"yoast_head":"<!-- This site is optimized with the Yoast SEO plugin v23.9 - https:\/\/yoast.com\/wordpress\/plugins\/seo\/ -->\n<title>ASOS - BayCards - DE<\/title>\n<meta name=\"robots\" content=\"index, follow, max-snippet:-1, max-image-preview:large, max-video-preview:-1\" \/>\n<link rel=\"canonical\" href=\"https:\/\/baycards.io\/de\/product\/asos\/\" \/>\n<meta property=\"og:locale\" content=\"en_US\" \/>\n<meta property=\"og:type\" content=\"article\" \/>\n<meta property=\"og:title\" content=\"ASOS - BayCards - DE\" \/>\n<meta property=\"og:description\" content=\"Entdecke die neuesten Modetrends und Styles bei ASOS. Perfekt f\u00fcr Modebewusste, bietet ASOS eine riesige Auswahl an Kleidung, Schuhen und Accessoires f\u00fcr M\u00e4nner und Frauen. Genie\u00dfe aktuelle Trends, kostenlose Lieferung und R\u00fccksendung. Finde deinen individuellen Look und shoppe deine Lieblingsmarken bei ASOS.  \ud83c\udde9\ud83c\uddea Diese Geschenkkarte funktioniert nur in Deutschland\" \/>\n<meta property=\"og:url\" content=\"https:\/\/baycards.io\/de\/product\/asos\/\" \/>\n<meta property=\"og:site_name\" content=\"BayCards - DE\" \/>\n<meta property=\"article:modified_time\" content=\"2024-06-01T17:36:50+00:00\" \/>\n<meta property=\"og:image\" content=\"https:\/\/baycards.io\/de\/wp-content\/uploads\/sites\/12\/2024\/06\/ASOS.png\" \/>\n\t<meta property=\"og:image:width\" content=\"792\" \/>\n\t<meta property=\"og:image:height\" content=\"486\" \/>\n\t<meta property=\"og:image:type\" content=\"image\/png\" \/>\n<meta name=\"twitter:card\" content=\"summary_large_image\" \/>\n<meta name=\"twitter:label1\" content=\"Est. reading time\" \/>\n\t<meta name=\"twitter:data1\" content=\"1 minute\" \/>\n<script type=\"application\/ld+json\" class=\"yoast-schema-graph\">{\"@context\":\"https:\/\/schema.org\",\"@graph\":[{\"@type\":\"WebPage\",\"@id\":\"https:\/\/baycards.io\/de\/product\/asos\/\",\"url\":\"https:\/\/baycards.io\/de\/product\/asos\/\",\"name\":\"ASOS - BayCards - DE\",\"isPartOf\":{\"@id\":\"https:\/\/baycards.io\/de\/#website\"},\"primaryImageOfPage\":{\"@id\":\"https:\/\/baycards.io\/de\/product\/asos\/#primaryimage\"},\"image\":{\"@id\":\"https:\/\/baycards.io\/de\/product\/asos\/#primaryimage\"},\"thumbnailUrl\":\"https:\/\/baycards.io\/de\/wp-content\/uploads\/sites\/12\/2024\/06\/ASOS.png\",\"datePublished\":\"2024-06-01T17:34:38+00:00\",\"dateModified\":\"2024-06-01T17:36:50+00:00\",\"breadcrumb\":{\"@id\":\"https:\/\/baycards.io\/de\/product\/asos\/#breadcrumb\"},\"inLanguage\":\"en-US\",\"potentialAction\":[{\"@type\":\"ReadAction\",\"target\":[\"https:\/\/baycards.io\/de\/product\/asos\/\"]}]},{\"@type\":\"ImageObject\",\"inLanguage\":\"en-US\",\"@id\":\"https:\/\/baycards.io\/de\/product\/asos\/#primaryimage\",\"url\":\"https:\/\/baycards.io\/de\/wp-content\/uploads\/sites\/12\/2024\/06\/ASOS.png\",\"contentUrl\":\"https:\/\/baycards.io\/de\/wp-content\/uploads\/sites\/12\/2024\/06\/ASOS.png\",\"width\":792,\"height\":486},{\"@type\":\"BreadcrumbList\",\"@id\":\"https:\/\/baycards.io\/de\/product\/asos\/#breadcrumb\",\"itemListElement\":[{\"@type\":\"ListItem\",\"position\":1,\"name\":\"Home\",\"item\":\"https:\/\/baycards.io\/de\/\"},{\"@type\":\"ListItem\",\"position\":2,\"name\":\"Shop\",\"item\":\"https:\/\/baycards.io\/de\/shop\/\"},{\"@type\":\"ListItem\",\"position\":3,\"name\":\"ASOS\"}]},{\"@type\":\"WebSite\",\"@id\":\"https:\/\/baycards.io\/de\/#website\",\"url\":\"https:\/\/baycards.io\/de\/\",\"name\":\"BayCards - DE\",\"description\":\"Living Off The Blockchain\",\"publisher\":{\"@id\":\"https:\/\/baycards.io\/de\/#organization\"},\"potentialAction\":[{\"@type\":\"SearchAction\",\"target\":{\"@type\":\"EntryPoint\",\"urlTemplate\":\"https:\/\/baycards.io\/de\/?s={search_term_string}\"},\"query-input\":{\"@type\":\"PropertyValueSpecification\",\"valueRequired\":true,\"valueName\":\"search_term_string\"}}],\"inLanguage\":\"en-US\"},{\"@type\":\"Organization\",\"@id\":\"https:\/\/baycards.io\/de\/#organization\",\"name\":\"BayCards - DE\",\"url\":\"https:\/\/baycards.io\/de\/\",\"logo\":{\"@type\":\"ImageObject\",\"inLanguage\":\"en-US\",\"@id\":\"https:\/\/baycards.io\/de\/#\/schema\/logo\/image\/\",\"url\":\"https:\/\/baycards.io\/de\/wp-content\/uploads\/sites\/12\/2023\/09\/BayBot-Logo-Icon.png\",\"contentUrl\":\"https:\/\/baycards.io\/de\/wp-content\/uploads\/sites\/12\/2023\/09\/BayBot-Logo-Icon.png\",\"width\":976,\"height\":817,\"caption\":\"BayCards - DE\"},\"image\":{\"@id\":\"https:\/\/baycards.io\/de\/#\/schema\/logo\/image\/\"}}]}<\/script>\n<!-- \/ Yoast SEO plugin. -->","yoast_head_json":{"title":"ASOS - BayCards - DE","robots":{"index":"index","follow":"follow","max-snippet":"max-snippet:-1","max-image-preview":"max-image-preview:large","max-video-preview":"max-video-preview:-1"},"canonical":"https:\/\/baycards.io\/de\/product\/asos\/","og_locale":"en_US","og_type":"article","og_title":"ASOS - BayCards - DE","og_description":"Entdecke die neuesten Modetrends und Styles bei ASOS. Perfekt f\u00fcr Modebewusste, bietet ASOS eine riesige Auswahl an Kleidung, Schuhen und Accessoires f\u00fcr M\u00e4nner und Frauen. Genie\u00dfe aktuelle Trends, kostenlose Lieferung und R\u00fccksendung. Finde deinen individuellen Look und shoppe deine Lieblingsmarken bei ASOS.  \ud83c\udde9\ud83c\uddea Diese Geschenkkarte funktioniert nur in Deutschland","og_url":"https:\/\/baycards.io\/de\/product\/asos\/","og_site_name":"BayCards - DE","article_modified_time":"2024-06-01T17:36:50+00:00","og_image":[{"width":792,"height":486,"url":"https:\/\/baycards.io\/de\/wp-content\/uploads\/sites\/12\/2024\/06\/ASOS.png","type":"image\/png"}],"twitter_card":"summary_large_image","twitter_misc":{"Est. reading time":"1 minute"},"schema":{"@context":"https:\/\/schema.org","@graph":[{"@type":"WebPage","@id":"https:\/\/baycards.io\/de\/product\/asos\/","url":"https:\/\/baycards.io\/de\/product\/asos\/","name":"ASOS - BayCards - DE","isPartOf":{"@id":"https:\/\/baycards.io\/de\/#website"},"primaryImageOfPage":{"@id":"https:\/\/baycards.io\/de\/product\/asos\/#primaryimage"},"image":{"@id":"https:\/\/baycards.io\/de\/product\/asos\/#primaryimage"},"thumbnailUrl":"https:\/\/baycards.io\/de\/wp-content\/uploads\/sites\/12\/2024\/06\/ASOS.png","datePublished":"2024-06-01T17:34:38+00:00","dateModified":"2024-06-01T17:36:50+00:00","breadcrumb":{"@id":"https:\/\/baycards.io\/de\/product\/asos\/#breadcrumb"},"inLanguage":"en-US","potentialAction":[{"@type":"ReadAction","target":["https:\/\/baycards.io\/de\/product\/asos\/"]}]},{"@type":"ImageObject","inLanguage":"en-US","@id":"https:\/\/baycards.io\/de\/product\/asos\/#primaryimage","url":"https:\/\/baycards.io\/de\/wp-content\/uploads\/sites\/12\/2024\/06\/ASOS.png","contentUrl":"https:\/\/baycards.io\/de\/wp-content\/uploads\/sites\/12\/2024\/06\/ASOS.png","width":792,"height":486},{"@type":"BreadcrumbList","@id":"https:\/\/baycards.io\/de\/product\/asos\/#breadcrumb","itemListElement":[{"@type":"ListItem","position":1,"name":"Home","item":"https:\/\/baycards.io\/de\/"},{"@type":"ListItem","position":2,"name":"Shop","item":"https:\/\/baycards.io\/de\/shop\/"},{"@type":"ListItem","position":3,"name":"ASOS"}]},{"@type":"WebSite","@id":"https:\/\/baycards.io\/de\/#website","url":"https:\/\/baycards.io\/de\/","name":"BayCards - DE","description":"Living Off The Blockchain","publisher":{"@id":"https:\/\/baycards.io\/de\/#organization"},"potentialAction":[{"@type":"SearchAction","target":{"@type":"EntryPoint","urlTemplate":"https:\/\/baycards.io\/de\/?s={search_term_string}"},"query-input":{"@type":"PropertyValueSpecification","valueRequired":true,"valueName":"search_term_string"}}],"inLanguage":"en-US"},{"@type":"Organization","@id":"https:\/\/baycards.io\/de\/#organization","name":"BayCards - DE","url":"https:\/\/baycards.io\/de\/","logo":{"@type":"ImageObject","inLanguage":"en-US","@id":"https:\/\/baycards.io\/de\/#\/schema\/logo\/image\/","url":"https:\/\/baycards.io\/de\/wp-content\/uploads\/sites\/12\/2023\/09\/BayBot-Logo-Icon.png","contentUrl":"https:\/\/baycards.io\/de\/wp-content\/uploads\/sites\/12\/2023\/09\/BayBot-Logo-Icon.png","width":976,"height":817,"caption":"BayCards - DE"},"image":{"@id":"https:\/\/baycards.io\/de\/#\/schema\/logo\/image\/"}}]}},"_links":{"self":[{"href":"https:\/\/baycards.io\/de\/wp-json\/wp\/v2\/product\/10004","targetHints":{"allow":["GET"]}}],"collection":[{"href":"https:\/\/baycards.io\/de\/wp-json\/wp\/v2\/product"}],"about":[{"href":"https:\/\/baycards.io\/de\/wp-json\/wp\/v2\/types\/product"}],"replies":[{"embeddable":true,"href":"https:\/\/baycards.io\/de\/wp-json\/wp\/v2\/comments?post=10004"}],"version-history":[{"count":1,"href":"https:\/\/baycards.io\/de\/wp-json\/wp\/v2\/product\/10004\/revisions"}],"predecessor-version":[{"id":10011,"href":"https:\/\/baycards.io\/de\/wp-json\/wp\/v2\/product\/10004\/revisions\/10011"}],"wp:featuredmedia":[{"embeddable":true,"href":"https:\/\/baycards.io\/de\/wp-json\/wp\/v2\/media\/10009"}],"wp:attachment":[{"href":"https:\/\/baycards.io\/de\/wp-json\/wp\/v2\/media?parent=10004"}],"wp:term":[{"taxonomy":"product_cat","embeddable":true,"href":"https:\/\/baycards.io\/de\/wp-json\/wp\/v2\/product_cat?post=10004"},{"taxonomy":"product_tag","embeddable":true,"href":"https:\/\/baycards.io\/de\/wp-json\/wp\/v2\/product_tag?post=10004"}],"curies":[{"name":"wp","href":"https:\/\/api.w.org\/{rel}","templated":true}]}}