{"id":9987,"date":"2024-06-01T12:23:48","date_gmt":"2024-06-01T12:23:48","guid":{"rendered":"https:\/\/baycards.io\/de\/?post_type=product&#038;p=9987"},"modified":"2024-06-01T12:35:01","modified_gmt":"2024-06-01T12:35:01","slug":"ikea","status":"publish","type":"product","link":"https:\/\/baycards.io\/de\/product\/ikea\/","title":{"rendered":"IKEA"},"content":{"rendered":"","protected":false},"excerpt":{"rendered":"<p>Entdecke stilvolle und erschwingliche M\u00f6bel sowie Wohnaccessoires bei IKEA. Perfekt f\u00fcr alle, die ihr Zuhause gem\u00fctlich und modern gestalten m\u00f6chten. Genie\u00dfe ein breites Sortiment, innovative Designs und praktische L\u00f6sungen f\u00fcr jeden Raum. Verleihe deinem Zuhause eine pers\u00f6nliche Note mit IKEA.<\/p>\n<p><strong><span class=\"b-IJrtNC\"><b>\ud83c\udde9\ud83c\uddea<\/b> Diese Geschenkkarte funktioniert nur in Deutschland<\/span><\/strong><\/p>\n","protected":false},"featured_media":10003,"comment_status":"open","ping_status":"closed","template":"","meta":{"_acf_changed":false,"om_disable_all_campaigns":false,"_monsterinsights_skip_tracking":false,"_monsterinsights_sitenote_active":false,"_monsterinsights_sitenote_note":"","_monsterinsights_sitenote_category":0,"_uf_show_specific_survey":0,"_uf_disable_surveys":false},"product_cat":[28,46],"product_tag":[],"class_list":{"0":"post-9987","1":"product","2":"type-product","3":"status-publish","4":"has-post-thumbnail","6":"product_cat-home","7":"product_cat-retail","9":"first","10":"instock","11":"shipping-taxable","12":"purchasable","13":"product-type-variable"},"acf":[],"yoast_head":"<!-- This site is optimized with the Yoast SEO plugin v23.9 - https:\/\/yoast.com\/wordpress\/plugins\/seo\/ -->\n<title>IKEA - BayCards - DE<\/title>\n<meta name=\"robots\" content=\"index, follow, max-snippet:-1, max-image-preview:large, max-video-preview:-1\" \/>\n<link rel=\"canonical\" href=\"https:\/\/baycards.io\/de\/product\/ikea\/\" \/>\n<meta property=\"og:locale\" content=\"en_US\" \/>\n<meta property=\"og:type\" content=\"article\" \/>\n<meta property=\"og:title\" content=\"IKEA - BayCards - DE\" \/>\n<meta property=\"og:description\" content=\"Entdecke stilvolle und erschwingliche M\u00f6bel sowie Wohnaccessoires bei IKEA. Perfekt f\u00fcr alle, die ihr Zuhause gem\u00fctlich und modern gestalten m\u00f6chten. Genie\u00dfe ein breites Sortiment, innovative Designs und praktische L\u00f6sungen f\u00fcr jeden Raum. Verleihe deinem Zuhause eine pers\u00f6nliche Note mit IKEA.  \ud83c\udde9\ud83c\uddea Diese Geschenkkarte funktioniert nur in Deutschland\" \/>\n<meta property=\"og:url\" content=\"https:\/\/baycards.io\/de\/product\/ikea\/\" \/>\n<meta property=\"og:site_name\" content=\"BayCards - DE\" \/>\n<meta property=\"article:modified_time\" content=\"2024-06-01T12:35:01+00:00\" \/>\n<meta property=\"og:image\" content=\"https:\/\/baycards.io\/de\/wp-content\/uploads\/sites\/12\/2024\/06\/ikea-2.jpg\" \/>\n\t<meta property=\"og:image:width\" content=\"1024\" \/>\n\t<meta property=\"og:image:height\" content=\"700\" \/>\n\t<meta property=\"og:image:type\" content=\"image\/jpeg\" \/>\n<meta name=\"twitter:card\" content=\"summary_large_image\" \/>\n<meta name=\"twitter:label1\" content=\"Est. reading time\" \/>\n\t<meta name=\"twitter:data1\" content=\"1 minute\" \/>\n<script type=\"application\/ld+json\" class=\"yoast-schema-graph\">{\"@context\":\"https:\/\/schema.org\",\"@graph\":[{\"@type\":\"WebPage\",\"@id\":\"https:\/\/baycards.io\/de\/product\/ikea\/\",\"url\":\"https:\/\/baycards.io\/de\/product\/ikea\/\",\"name\":\"IKEA - BayCards - DE\",\"isPartOf\":{\"@id\":\"https:\/\/baycards.io\/de\/#website\"},\"primaryImageOfPage\":{\"@id\":\"https:\/\/baycards.io\/de\/product\/ikea\/#primaryimage\"},\"image\":{\"@id\":\"https:\/\/baycards.io\/de\/product\/ikea\/#primaryimage\"},\"thumbnailUrl\":\"https:\/\/baycards.io\/de\/wp-content\/uploads\/sites\/12\/2024\/06\/ikea-2.jpg\",\"datePublished\":\"2024-06-01T12:23:48+00:00\",\"dateModified\":\"2024-06-01T12:35:01+00:00\",\"breadcrumb\":{\"@id\":\"https:\/\/baycards.io\/de\/product\/ikea\/#breadcrumb\"},\"inLanguage\":\"en-US\",\"potentialAction\":[{\"@type\":\"ReadAction\",\"target\":[\"https:\/\/baycards.io\/de\/product\/ikea\/\"]}]},{\"@type\":\"ImageObject\",\"inLanguage\":\"en-US\",\"@id\":\"https:\/\/baycards.io\/de\/product\/ikea\/#primaryimage\",\"url\":\"https:\/\/baycards.io\/de\/wp-content\/uploads\/sites\/12\/2024\/06\/ikea-2.jpg\",\"contentUrl\":\"https:\/\/baycards.io\/de\/wp-content\/uploads\/sites\/12\/2024\/06\/ikea-2.jpg\",\"width\":1024,\"height\":700},{\"@type\":\"BreadcrumbList\",\"@id\":\"https:\/\/baycards.io\/de\/product\/ikea\/#breadcrumb\",\"itemListElement\":[{\"@type\":\"ListItem\",\"position\":1,\"name\":\"Home\",\"item\":\"https:\/\/baycards.io\/de\/\"},{\"@type\":\"ListItem\",\"position\":2,\"name\":\"Shop\",\"item\":\"https:\/\/baycards.io\/de\/shop\/\"},{\"@type\":\"ListItem\",\"position\":3,\"name\":\"IKEA\"}]},{\"@type\":\"WebSite\",\"@id\":\"https:\/\/baycards.io\/de\/#website\",\"url\":\"https:\/\/baycards.io\/de\/\",\"name\":\"BayCards - DE\",\"description\":\"Living Off The Blockchain\",\"publisher\":{\"@id\":\"https:\/\/baycards.io\/de\/#organization\"},\"potentialAction\":[{\"@type\":\"SearchAction\",\"target\":{\"@type\":\"EntryPoint\",\"urlTemplate\":\"https:\/\/baycards.io\/de\/?s={search_term_string}\"},\"query-input\":{\"@type\":\"PropertyValueSpecification\",\"valueRequired\":true,\"valueName\":\"search_term_string\"}}],\"inLanguage\":\"en-US\"},{\"@type\":\"Organization\",\"@id\":\"https:\/\/baycards.io\/de\/#organization\",\"name\":\"BayCards - DE\",\"url\":\"https:\/\/baycards.io\/de\/\",\"logo\":{\"@type\":\"ImageObject\",\"inLanguage\":\"en-US\",\"@id\":\"https:\/\/baycards.io\/de\/#\/schema\/logo\/image\/\",\"url\":\"https:\/\/baycards.io\/de\/wp-content\/uploads\/sites\/12\/2023\/09\/BayBot-Logo-Icon.png\",\"contentUrl\":\"https:\/\/baycards.io\/de\/wp-content\/uploads\/sites\/12\/2023\/09\/BayBot-Logo-Icon.png\",\"width\":976,\"height\":817,\"caption\":\"BayCards - DE\"},\"image\":{\"@id\":\"https:\/\/baycards.io\/de\/#\/schema\/logo\/image\/\"}}]}<\/script>\n<!-- \/ Yoast SEO plugin. -->","yoast_head_json":{"title":"IKEA - BayCards - DE","robots":{"index":"index","follow":"follow","max-snippet":"max-snippet:-1","max-image-preview":"max-image-preview:large","max-video-preview":"max-video-preview:-1"},"canonical":"https:\/\/baycards.io\/de\/product\/ikea\/","og_locale":"en_US","og_type":"article","og_title":"IKEA - BayCards - DE","og_description":"Entdecke stilvolle und erschwingliche M\u00f6bel sowie Wohnaccessoires bei IKEA. Perfekt f\u00fcr alle, die ihr Zuhause gem\u00fctlich und modern gestalten m\u00f6chten. Genie\u00dfe ein breites Sortiment, innovative Designs und praktische L\u00f6sungen f\u00fcr jeden Raum. Verleihe deinem Zuhause eine pers\u00f6nliche Note mit IKEA.  \ud83c\udde9\ud83c\uddea Diese Geschenkkarte funktioniert nur in Deutschland","og_url":"https:\/\/baycards.io\/de\/product\/ikea\/","og_site_name":"BayCards - DE","article_modified_time":"2024-06-01T12:35:01+00:00","og_image":[{"width":1024,"height":700,"url":"https:\/\/baycards.io\/de\/wp-content\/uploads\/sites\/12\/2024\/06\/ikea-2.jpg","type":"image\/jpeg"}],"twitter_card":"summary_large_image","twitter_misc":{"Est. reading time":"1 minute"},"schema":{"@context":"https:\/\/schema.org","@graph":[{"@type":"WebPage","@id":"https:\/\/baycards.io\/de\/product\/ikea\/","url":"https:\/\/baycards.io\/de\/product\/ikea\/","name":"IKEA - BayCards - DE","isPartOf":{"@id":"https:\/\/baycards.io\/de\/#website"},"primaryImageOfPage":{"@id":"https:\/\/baycards.io\/de\/product\/ikea\/#primaryimage"},"image":{"@id":"https:\/\/baycards.io\/de\/product\/ikea\/#primaryimage"},"thumbnailUrl":"https:\/\/baycards.io\/de\/wp-content\/uploads\/sites\/12\/2024\/06\/ikea-2.jpg","datePublished":"2024-06-01T12:23:48+00:00","dateModified":"2024-06-01T12:35:01+00:00","breadcrumb":{"@id":"https:\/\/baycards.io\/de\/product\/ikea\/#breadcrumb"},"inLanguage":"en-US","potentialAction":[{"@type":"ReadAction","target":["https:\/\/baycards.io\/de\/product\/ikea\/"]}]},{"@type":"ImageObject","inLanguage":"en-US","@id":"https:\/\/baycards.io\/de\/product\/ikea\/#primaryimage","url":"https:\/\/baycards.io\/de\/wp-content\/uploads\/sites\/12\/2024\/06\/ikea-2.jpg","contentUrl":"https:\/\/baycards.io\/de\/wp-content\/uploads\/sites\/12\/2024\/06\/ikea-2.jpg","width":1024,"height":700},{"@type":"BreadcrumbList","@id":"https:\/\/baycards.io\/de\/product\/ikea\/#breadcrumb","itemListElement":[{"@type":"ListItem","position":1,"name":"Home","item":"https:\/\/baycards.io\/de\/"},{"@type":"ListItem","position":2,"name":"Shop","item":"https:\/\/baycards.io\/de\/shop\/"},{"@type":"ListItem","position":3,"name":"IKEA"}]},{"@type":"WebSite","@id":"https:\/\/baycards.io\/de\/#website","url":"https:\/\/baycards.io\/de\/","name":"BayCards - DE","description":"Living Off The Blockchain","publisher":{"@id":"https:\/\/baycards.io\/de\/#organization"},"potentialAction":[{"@type":"SearchAction","target":{"@type":"EntryPoint","urlTemplate":"https:\/\/baycards.io\/de\/?s={search_term_string}"},"query-input":{"@type":"PropertyValueSpecification","valueRequired":true,"valueName":"search_term_string"}}],"inLanguage":"en-US"},{"@type":"Organization","@id":"https:\/\/baycards.io\/de\/#organization","name":"BayCards - DE","url":"https:\/\/baycards.io\/de\/","logo":{"@type":"ImageObject","inLanguage":"en-US","@id":"https:\/\/baycards.io\/de\/#\/schema\/logo\/image\/","url":"https:\/\/baycards.io\/de\/wp-content\/uploads\/sites\/12\/2023\/09\/BayBot-Logo-Icon.png","contentUrl":"https:\/\/baycards.io\/de\/wp-content\/uploads\/sites\/12\/2023\/09\/BayBot-Logo-Icon.png","width":976,"height":817,"caption":"BayCards - DE"},"image":{"@id":"https:\/\/baycards.io\/de\/#\/schema\/logo\/image\/"}}]}},"_links":{"self":[{"href":"https:\/\/baycards.io\/de\/wp-json\/wp\/v2\/product\/9987","targetHints":{"allow":["GET"]}}],"collection":[{"href":"https:\/\/baycards.io\/de\/wp-json\/wp\/v2\/product"}],"about":[{"href":"https:\/\/baycards.io\/de\/wp-json\/wp\/v2\/types\/product"}],"replies":[{"embeddable":true,"href":"https:\/\/baycards.io\/de\/wp-json\/wp\/v2\/comments?post=9987"}],"version-history":[{"count":1,"href":"https:\/\/baycards.io\/de\/wp-json\/wp\/v2\/product\/9987\/revisions"}],"predecessor-version":[{"id":9994,"href":"https:\/\/baycards.io\/de\/wp-json\/wp\/v2\/product\/9987\/revisions\/9994"}],"wp:featuredmedia":[{"embeddable":true,"href":"https:\/\/baycards.io\/de\/wp-json\/wp\/v2\/media\/10003"}],"wp:attachment":[{"href":"https:\/\/baycards.io\/de\/wp-json\/wp\/v2\/media?parent=9987"}],"wp:term":[{"taxonomy":"product_cat","embeddable":true,"href":"https:\/\/baycards.io\/de\/wp-json\/wp\/v2\/product_cat?post=9987"},{"taxonomy":"product_tag","embeddable":true,"href":"https:\/\/baycards.io\/de\/wp-json\/wp\/v2\/product_tag?post=9987"}],"curies":[{"name":"wp","href":"https:\/\/api.w.org\/{rel}","templated":true}]}}